{"id":13,"date":"2020-01-13T08:00:00","date_gmt":"2020-01-13T07:00:00","guid":{"rendered":"http:\/\/flexoffice.me\/?page_id=13"},"modified":"2024-02-04T17:17:24","modified_gmt":"2024-02-04T16:17:24","slug":"qui-sommes-nous","status":"publish","type":"page","link":"https:\/\/flexoffice.me\/index.php\/qui-sommes-nous\/","title":{"rendered":"Qui sommes nous"},"content":{"rendered":"\n<p>Flex Office est un cabinet de conseils et d&rsquo;expertise op\u00e9rationnel lanc\u00e9 en 2016, n\u00e9 des exp\u00e9riences en mode solo d\u00e9but\u00e9es en 2005.<\/p>\n\n\n\n<p> Flex Office propose des solutions d&rsquo;accompagnement Comptabilit\u00e9-Direction financi\u00e8re ou Administration du Personnel-RH et Administratif aupr\u00e8s d&rsquo;entrepreneurs ou TPE ne pouvant s&rsquo;offrir en interne la ressource d\u00e9di\u00e9e \u00e0 plein temps ou souhaitant se concentrer sur leur m\u00e9tier et d\u00e9l\u00e9guer l&rsquo;administratif.<\/p>\n\n\n\n<p><\/p>\n\n\n\n<p>Depuis 2016, Flex Office travaille en collaboration avec les parties prenantes : experts-comptables, avocats, courtiers d&rsquo;assurance, banques. Un vivier de comp\u00e9tences entre praticiens constitu\u00e9 de collaboration r\u00e9elle permet de r\u00e9pondre vite et avec agilit\u00e9 aux besoins de configuration ou re-structuration exprim\u00e9s par le clients.<\/p>\n\n\n\n<p>Le p\u00e9rim\u00e8tre d&rsquo;intervention et la densit\u00e9 sont flexibles, adaptables selon la phase de croissance de l&rsquo;entreprise.<\/p>\n\n\n\n<p><\/p>\n\n\n\n<h2 class=\"has-text-color\" style=\"color:#6cc6ed\"><strong>Nos clients<\/strong><\/h2>\n\n\n\n<p>Sont accompagn\u00e9es : des professions lib\u00e9rales, des entreprises profil startups \u00e0 croissance soutenue : <\/p>\n\n\n\n<ul><li>Biotech<\/li><li>Deeptech<\/li><li>Fintech <\/li><li>Greentech<\/li><\/ul>\n\n\n\n<p>Mais aussi des associations, des entreprises fabricant du textile ennobli.<\/p>\n","protected":false},"excerpt":{"rendered":"<p>Flex Office est un cabinet de conseils et d&rsquo;expertise op\u00e9rationnel lanc\u00e9 en 2016, n\u00e9 des exp\u00e9riences en mode solo d\u00e9but\u00e9es en 2005. Flex Office propose des solutions d&rsquo;accompagnement Comptabilit\u00e9-Direction financi\u00e8re ou Administration du Personnel-RH et Administratif aupr\u00e8s d&rsquo;entrepreneurs ou TPE ne pouvant s&rsquo;offrir en interne la ressource d\u00e9di\u00e9e \u00e0 plein temps ou souhaitant se concentrer &hellip; <\/p>\n<p class=\"link-more\"><a href=\"https:\/\/flexoffice.me\/index.php\/qui-sommes-nous\/\" class=\"more-link\">Continuer la lecture<span class=\"screen-reader-text\"> de &laquo;&nbsp;Qui sommes nous&nbsp;&raquo;<\/span><\/a><\/p>\n","protected":false},"author":1,"featured_media":0,"parent":0,"menu_order":0,"comment_status":"closed","ping_status":"closed","template":"","meta":[],"_links":{"self":[{"href":"https:\/\/flexoffice.me\/index.php\/wp-json\/wp\/v2\/pages\/13"}],"collection":[{"href":"https:\/\/flexoffice.me\/index.php\/wp-json\/wp\/v2\/pages"}],"about":[{"href":"https:\/\/flexoffice.me\/index.php\/wp-json\/wp\/v2\/types\/page"}],"author":[{"embeddable":true,"href":"https:\/\/flexoffice.me\/index.php\/wp-json\/wp\/v2\/users\/1"}],"replies":[{"embeddable":true,"href":"https:\/\/flexoffice.me\/index.php\/wp-json\/wp\/v2\/comments?post=13"}],"version-history":[{"count":4,"href":"https:\/\/flexoffice.me\/index.php\/wp-json\/wp\/v2\/pages\/13\/revisions"}],"predecessor-version":[{"id":43,"href":"https:\/\/flexoffice.me\/index.php\/wp-json\/wp\/v2\/pages\/13\/revisions\/43"}],"wp:attachment":[{"href":"https:\/\/flexoffice.me\/index.php\/wp-json\/wp\/v2\/media?parent=13"}],"curies":[{"name":"wp","href":"https:\/\/api.w.org\/{rel}","templated":true}]}}